{"id":7,"date":"2023-07-24T15:56:39","date_gmt":"2023-07-24T18:56:39","guid":{"rendered":"https:\/\/afterweb.com.br\/aw\/?page_id=7"},"modified":"2023-07-24T21:31:01","modified_gmt":"2023-07-25T00:31:01","slug":"one-page-express","status":"publish","type":"page","link":"https:\/\/afterweb.com.br\/aw\/","title":{"rendered":"\u00cdnicio"},"content":{"rendered":"<div  id=\"overlapable-2\" style=\"background-color: #ffffff;\" data-label=\"Overlapable\" data-id=\"stripped-coloured-icon-boxes\" data-category=\"overlapable\" class=\"features-coloured-icon-boxes-section\" data-overlap=\"true\"> <div  class=\"gridContainer\"> <div  class=\"features-coloured-icon-boxes-innerrow flexbox-list dark-text\" data-type=\"row\"> <div  class=\"features-coloured-icon-boxes-featurecol cp3cols\"> <div  class=\"features-coloured-icon-boxes-iconcontainer\" data-content-item-container=\"true\"> <i  data-cp-fa=\"true\" class=\"features-coloured-icon fa fa-bolt\"><\/i> <\/div> <h4  class=\"\">Marca<\/h4> <p  class=\"\">Desenvolvimento de projetos anal\u00edticos e potencializadores garantindo percep\u00e7\u00e3o da marca de maneira consciente e inconsciente na mente do p\u00fablico-alvo.<\/p> <a class=\"features-coloured-button\" href=\"https:\/\/afterweb.com.br\/aw\/desenvolvimento-da-marca\" target=\"_self\" rel=\"noopener\">DESENVOLVA SUA MARCA<\/a> <\/div> <div  class=\"features-coloured-icon-boxes-featurecol cp3cols\"> <div  class=\"features-coloured-icon-boxes-iconcontainer\" data-content-item-container=\"true\"> <i  data-cp-fa=\"true\" class=\"features-coloured-icon fa fa-cloud\"><\/i> <\/div> <h4  class=\"\">F\u00e1brica de Software<\/h4> <p  class=\"\">Uma fabrica de software \u00e1gil que apoiar\u00e1 no desenvolvimento de novos produtos e na migra\u00e7\u00e3o do seu legado para nuvem.\n<br >Conte com nosso apoio para entrar na era digital.<\/p> <a class=\"features-coloured-button\" href=\"https:\/\/afterweb.com.br\/aw\/fabrica-de-software\" target=\"_self\" rel=\"noopener\">Desenvolva sua solu\u00e7\u00e3o<\/a> <\/div> <div  class=\"features-coloured-icon-boxes-featurecol cp3cols\"> <div  class=\"features-coloured-icon-boxes-iconcontainer\" data-content-item-container=\"true\"> <i  data-cp-fa=\"true\" class=\"features-coloured-icon fa fa-signal\"><\/i> <\/div> <h4  class=\"\">M\u00eddias Sociais<\/h4> <p  class=\"\">Uma&nbsp; empresa pioneira na utiliza\u00e7\u00e3o desse importante canal de comunica\u00e7\u00e3o e relacionamento.\n<br >Gest\u00e3o e monitoramento das suas m\u00eddias sociais.<\/p> <a class=\"features-coloured-button\" href=\"https:\/\/afterweb.com.br\/aw\/midias-sociais\" target=\"_self\" rel=\"noopener\">VAMOS NOS CONECTAR<\/a> <\/div> <div  class=\"features-coloured-icon-boxes-featurecol cp3cols\"> <div  class=\"features-coloured-icon-boxes-iconcontainer\" data-content-item-container=\"true\"> <i  data-cp-fa=\"true\" class=\"features-coloured-icon fa fa-pie-chart\"><\/i> <\/div> <h4  class=\"\">Organiza\u00e7\u00f5es \u00c1geis&nbsp;<\/h4> <p  class=\"\">Consultoria e treinamento de l\u00edderes, garantindo o sucesso do produto.<br >Coordenando or\u00e7amentos, comunica\u00e7\u00e3o e resolu\u00e7\u00e3o de conflitos.<\/p> <a class=\"features-coloured-button\" href=\"https:\/\/afterweb.com.br\/aw\/gestao-de-projetos\" target=\"_self\" rel=\"noopener\">GEST\u00c3O \u00c1GIL CHANGE MINDSET<\/a> <\/div> <\/div> <\/div><\/div><div  id=\"about-1\" style=\"background-color: #f6f6f6;\" data-label=\"About\" data-id=\"about-big-images-section\" data-category=\"about\" class=\"about-big-images-section\"> <div  class=\"gridContainer\"> <div  class=\"about-big-images-textrow\"> <div  class=\"about-big-images-textcol dynamic-color\" data-type=\"column\"> <h5  class=\"\">DESENVOLVIMENTO, MANUTEN\u00c7\u00c3O E GEST\u00c3O DE APLICA\u00c7\u00d5ES MODERNAS<\/h5> <h3  class=\"\">Conectadas com o que existe de mais&nbsp; <span  href=\"#\" class=\"span25\">moderno e \u00e1gil<\/span><\/h3> <p  class=\"\">Nossos colaboradores possuem certifica\u00e7\u00f5es e conhecimento profundo, aptos a desenvolver, manter e gerir aplica\u00e7\u00f5es e produtos preparados para a nuvem com agilidade, entregando solu\u00e7\u00f5es exclusivas,velozes e adaptativas.<\/p> <a class=\"button blue big\" href=\"#\" target=\"_self\" rel=\"noopener\">EM BREVE<\/a> <\/div> <\/div> <\/div> <div  class=\"about-big-images-bottomrow\"> <div  class=\"about-big-images-leftimgcol\"><img  decoding=\"async\" class=\"about-big-images-leftimg\" src=\"https:\/\/afterweb.com.br\/aw\/wp-content\/plugins\/one-page-express-companion\/theme-data\/one-page-express\/sections\/images\/nordwood-themes-180852.jpg\"> <\/div> <div  class=\"about-big-images-centerimgcol\"><img  decoding=\"async\" class=\"about-big-images-centerimg\" src=\"https:\/\/afterweb.com.br\/aw\/wp-content\/plugins\/one-page-express-companion\/theme-data\/one-page-express\/sections\/images\/ir5likvfqc4-william-iven-1920x1275.jpg\"> <\/div> <div  class=\"about-big-images-rightimgcol\"><img  decoding=\"async\" class=\"about-big-images-rightimg\" src=\"https:\/\/afterweb.com.br\/aw\/wp-content\/plugins\/one-page-express-companion\/theme-data\/one-page-express\/sections\/images\/project1.jpg\"> <\/div> <\/div> <\/div><div  id=\"content-3\" style=\"background-color: #ffffff;\" data-label=\"Content\" data-id=\"content-image-left\" data-category=\"content\" class=\"content-left-image-section\"> <div  class=\"gridContainer\"> <div  class=\"row\"> <div  class=\"content-left-image-imgcol\" data-type=\"column\"> <img  decoding=\"async\" src=\"https:\/\/afterweb.com.br\/aw\/wp-content\/plugins\/one-page-express-companion\/theme-data\/one-page-express\/sections\/images\/project1.jpg\" class=\"\"> <\/div> <div  class=\"content-left-image-textcol dynamic-color\" data-type=\"column\"> <h2  class=\"\">Unidades de neg\u00f3cio performando em um mundo \u00e1gil e adaptativo.<\/h2> <p  class=\"large_text\"> Estamos no s\u00e9culo XXI, visando o que realmente importa.\n<br ><br >Voc\u00ea conhe\u00e7e seu cliente? Utiliza as m\u00e9tricas corretas? Tem dados ou possui informa\u00e7\u00e3o?\n<br >Conte com o nosso conhecimento para entregar mais, melhor e com menor custo o que realmente importa.<\/p> <a class=\"button blue\" href=\"#\" target=\"_self\" rel=\"noopener\"> EM BREVE <\/a> <\/div> <\/div> <\/div> <\/div><div  id=\"content-4\" style=\"background-color: #f6f6f6;\" data-label=\"Content\" data-id=\"content-image-right\" data-category=\"content\" class=\"content-right-image-section\"> <div  class=\"gridContainer\"> <div  class=\"content-right-image-gridcol\"> <div  class=\"content-right-image-textcol dynamic-color\" data-type=\"column\"> <h2  class=\"\">Treinamentos exclusivos para sua empresa<\/h2> <p  class=\"large_text\">Oferecemos treinamentos voltados para o seu neg\u00f3cio, auxiliando a mudan\u00e7a de pensamento e quebras de paradigmas.\n<br >Eliminando silos e construindo um&nbsp; objetivo linear.<\/p> <a class=\"button blue\" href=\"#\" target=\"_self\" rel=\"noopener\"> EM BREVE <\/a> <\/div> <div  class=\"content-right-image-imgcol\" data-type=\"column\"> <img  decoding=\"async\" src=\"https:\/\/afterweb.com.br\/aw\/wp-content\/plugins\/one-page-express-companion\/theme-data\/one-page-express\/sections\/images\/project1.jpg\" class=\"\"> <\/div> <\/div> <\/div> <\/div><div  id=\"testimonials-1\" style=\"background-color: #f6f6f6;\" data-label=\"Testimonials\" data-id=\"testimonials-boxed-section\" data-category=\"testimonials\" class=\"testimonials-boxed-section\"> <div  class=\"gridContainer\"> <div  class=\"testimonials-boxed-textcol dynamic-color\" data-type=\"column\"> <h2  class=\"\">O que dizem nossos parceiros de neg\u00f3cios?<\/h2> <p  class=\"\">Estamos preparados para atender empresas de todos os nichos e tamanhos.<\/p> <\/div> <div  class=\"testimonials-boxed-itemsrow dark-text\" data-type=\"row\"> <div  class=\"testimonials-boxed-itemcol cp4cols cp6cols-tablet\"> <div  class=\"testimonials-boxed-itemcard\" data-type=\"column\"> <h4  class=\"testimonials-boxed-itemtext\">\u201cA quantidade de informa\u00e7\u00e3o que consegui utilizando os servi\u00e7os da afterweb foi surpreendente.<br >Contratamos o servi\u00e7o deles e agora possu\u00edmos um dashboard para tomada de decis\u00e3o baseados em KPI.\u201d\n<\/h4><img  decoding=\"async\" class=\"testimonials-boxed-itemimg\" data-size=\"500x500\" src=\"https:\/\/afterweb.com.br\/aw\/wp-content\/plugins\/one-page-express-companion\/theme-data\/one-page-express\/sections\/images\/face4.jpg\"> <h5  class=\"testimonials-boxed-itemname\">Carla Oriz Maya<\/h5>  <\/div> <\/div> <div  class=\"testimonials-boxed-itemcol cp4cols cp6cols-tablet\"> <div  class=\"testimonials-boxed-itemcard\" data-type=\"column\"> <h4  class=\"testimonials-boxed-itemtext\">\u201cA afterweb treinou nossa equipe e nos deu consultoria para o mundo \u00e1gil e digital.<br >Quando nossa empresa decidiu se tornar uma empresa online precis\u00e1vamos da bagagem e a equipe afterweb nos forneceu.\u201d\n<\/h4><img  decoding=\"async\" class=\"testimonials-boxed-itemimg\" data-size=\"500x500\" src=\"https:\/\/afterweb.com.br\/aw\/wp-content\/plugins\/one-page-express-companion\/theme-data\/one-page-express\/sections\/images\/face9.jpg\"> <h5  class=\"testimonials-boxed-itemname\">Carlos Rezende<\/h5>  <\/div> <\/div> <div  class=\"testimonials-boxed-itemcol cp4cols cp6cols-tablet\"> <div  class=\"testimonials-boxed-itemcard\" data-type=\"column\"> <h4  class=\"testimonials-boxed-itemtext\">\u201cContei com o servi\u00e7o da afterweb para migra\u00e7\u00e3o de meu&nbsp; sistema legado para nuvem.<br >N\u00f3s possuiamos um sistema delphi arcaico e necessitamos migrar para AWS a afterweb nos apoiou em todo o processo.\u201d\n<\/h4><img  decoding=\"async\" class=\"testimonials-boxed-itemimg\" data-size=\"500x500\" src=\"https:\/\/afterweb.com.br\/aw\/wp-content\/plugins\/one-page-express-companion\/theme-data\/one-page-express\/sections\/images\/face7.jpg\"> <h5  class=\"testimonials-boxed-itemname\">Paulo Pacheco<\/h5>  <\/div> <\/div> <\/div> <\/div><\/div><div  id=\"cta-1\" data-label=\"Call to action\" data-id=\"cta-blue-section\" data-category=\"cta\" class=\"cta-blue-section\"> <div  class=\"gridContainer\"> <div  class=\"flexbox-list flexbox-list-align-center row\"> <div  class=\"cta-blue-textcol dynamic-color\"> <h2  class=\"cta-blue-text\"> <b  class=\"element2\"> Entre em contato conosco. <\/b> Responderemos em menos de um minuto<\/h2> <\/div> <div  class=\"cta-blue-btncol\"> <a class=\"button big yellow dark-text\" href=\"https:\/\/wa.me\/\/5511972228440?text=Tenho%20interesse%20em%20seus%20servi%C3%A7os\" target=\"_self\" rel=\"noopener\"> ME CONTATE <\/a> <\/div> <\/div> <\/div> <\/div><div  id=\"team-1\" style=\"background-color: #ffffff;\" data-label=\"Team\" data-id=\"team-colors-section\" data-category=\"team\" class=\"team-colors-section\"> <div  class=\"gridContainer\"> <div  class=\"team-colors-textcol dynamic-color\"> <h2 >Nossos colaboradores<\/h2> <p  class=\"\">Abaixo o time que lhe apoiar\u00e1 durante todo seu ciclo de vida.<\/p> <\/div> <div  class=\"team-colors-membersrow dark-text\" data-type=\"row\"> <div  class=\"team-colors-membercol cp6cols-tablet cp4cols\"> <div  class=\"team-colors-membercard\"> <div  class=\"team-colors-background\"><\/div> <div  class=\"team-colors-memberinfo\" data-type=\"column\"><img  decoding=\"async\" class=\"team-colors-memberimg\" data-size=\"500x500\" src=\"https:\/\/afterweb.com.br\/aw\/wp-content\/uploads\/2023\/07\/cropped-download.jpeg\" alt=\"\"> <h4  class=\"team-colors-membername\">Thiago Ricieri Trivelato<\/h4>   <hr  class=\"team-colors-separator\"> <\/div> <div  class=\"team-colors-membericons\" data-type=\"group\"> <a href=\"http:\/\/www.linkedin.com\/in\/thiago-ricieri-trivelato-0b16358\" target=\"_self\" rel=\"noopener\" class=\"\"><i  data-cp-fa=\"true\" class=\"team-colors-icon fa fa-linkedin\"><\/i><\/a> <a href=\"#\" target=\"_self\" data-reiki-hidden=\"true\" rel=\"noopener\"><i  data-cp-fa=\"true\" class=\"fa team-colors-icon fa-twitter\"><\/i><\/a> <a href=\"#\" target=\"_self\" data-reiki-hidden=\"true\" rel=\"noopener\"><i  data-cp-fa=\"true\" class=\"fa team-colors-icon fa-dribbble\"><\/i><\/a> <\/div> <\/div> <\/div> <div  class=\"team-colors-membercol cp6cols-tablet cp4cols\"> <div  class=\"team-colors-membercard\"> <div  class=\"team-colors-background\"><\/div> <div  class=\"team-colors-memberinfo\" data-type=\"column\"><img  decoding=\"async\" class=\"team-colors-memberimg\" data-size=\"500x500\" src=\"https:\/\/afterweb.com.br\/aw\/wp-content\/uploads\/2023\/07\/m.jpeg\" alt=\"\"> <h4  class=\"team-colors-membername\">Marianna Schultheisz <\/h4>   <hr  class=\"team-colors-separator\"> <\/div> <div  class=\"team-colors-membericons\" data-type=\"group\"> <a href=\"https:\/\/www.linkedin.com\/in\/marianna-schultheisz-6a9264124\" target=\"_self\" rel=\"noopener\" class=\"\"><i  data-cp-fa=\"true\" class=\"team-colors-icon fa fa-linkedin\"><\/i><\/a> <a href=\"#\" target=\"_self\" data-reiki-hidden=\"true\" rel=\"noopener\"><i  data-cp-fa=\"true\" class=\"fa team-colors-icon fa-twitter\"><\/i><\/a> <a href=\"#\" target=\"_self\" data-reiki-hidden=\"true\" rel=\"noopener\"><i  data-cp-fa=\"true\" class=\"fa team-colors-icon fa-dribbble\"><\/i><\/a> <\/div> <\/div> <\/div> <div  class=\"team-colors-membercol cp6cols-tablet cp4cols\"> <div  class=\"team-colors-membercard\"> <div  class=\"team-colors-background\"><\/div> <div  class=\"team-colors-memberinfo\" data-type=\"column\"><img  decoding=\"async\" class=\"team-colors-memberimg\" data-size=\"500x500\" src=\"https:\/\/afterweb.com.br\/aw\/wp-content\/uploads\/2023\/07\/cropped-l.jpeg\" alt=\"\"> <h4  class=\"team-colors-membername\">Luan Trivelato<\/h4>   <hr  class=\"team-colors-separator\"> <\/div> <div  class=\"team-colors-membericons\" data-type=\"group\"> <a href=\"https:\/\/www.linkedin.com\/in\/luan-trivelato-ab86b9149\" target=\"_self\" rel=\"noopener\" class=\"\"><i  data-cp-fa=\"true\" class=\"team-colors-icon fa fa-linkedin\"><\/i><\/a> <a href=\"#\" target=\"_self\" data-reiki-hidden=\"true\" rel=\"noopener\"><i  data-cp-fa=\"true\" class=\"fa team-colors-icon fa-twitter\"><\/i><\/a> <a href=\"#\" target=\"_self\" data-reiki-hidden=\"true\" rel=\"noopener\"><i  data-cp-fa=\"true\" class=\"fa team-colors-icon fa-dribbble\"><\/i><\/a> <\/div> <\/div> <\/div>  <\/div> <\/div><\/div><div  id=\"numbers\" data-label=\"Numbers\" data-id=\"numbers-section\" data-category=\"numbers\" data-bg=\"transparent\" class=\"numbers-section\" data-parallax-depth=\"20\"> <div  class=\"gridContainer dynamic-color\"> <div  class=\"numbers-itemcol\"> <h2  class=\"numbers-numbertext\">230<\/h2> <h3  class=\"numbers-titletext\">PROJETOS<\/h3> <\/div> <div  class=\"numbers-itemcol\"> <h2  class=\"numbers-numbertext\">75340<\/h2> <h3  class=\"numbers-titletext\">HORAS<\/h3> <\/div> <div  class=\"numbers-itemcol-last\"> <h2  class=\"numbers-numbertext\">%<\/h2> <h3  class=\"numbers-titletext\">Satisfa\u00e7\u00e3o<\/h3> <\/div> <\/div><\/div><div  id=\"latest-posts\" style=\"background-color: #ffffff;\" data-label=\"Latest posts\" data-id=\"blog-section\" data-category=\"latest_news\" class=\"blog-section\"> <div  class=\"gridContainer\"> <div  class=\"blog-textrow\"> <div  class=\"blog-textcol dynamic-color\" data-type=\"column\"> <h2  class=\"\">BLOG<\/h2> <p  class=\"\">Se mantenha atualizado com nosso conte\u00fado gratuito.<\/p> <\/div> <\/div> <div  class=\"blog-postsrow dark-text\" data-type=\"row\" data-dynamic-columns=\"one_page_express_latest_news_columns\" data-content-shortcode=\"one_page_express_latest_news\">\t\t\t<div id=\"post-81\" class=\"blog-postcol cp4cols\">\n\t\t\t<div class=\"post-content\">\n\t\t\t\t\t\t\t\t<div class=\"row_345\">\n\t\t\t\t\t<h3 class=\"blog-title\">\n\t\t\t\t\t\t<a href=\"https:\/\/afterweb.com.br\/aw\/tipos-de-lideranca\/\" rel=\"bookmark\">\n\t\t\t\t\t\t\tTipos de Lideran\u00e7a\t\t\t\t\t\t<\/a>\n\t\t\t\t\t<\/h3>\n\t\t\t\t\t<p>Lideran\u00e7a autocr\u00e1tica (chefe) Neste material, White e Lippitt explicam que o&nbsp;l\u00edder autocr\u00e1tico \u00e9 aquele chamado de chefe. Neste perfil, o l\u00edder acredita que sua opini\u00e3o vale mais do que a[&hellip;]<\/p>\n\t\t\t\t\t<a class=\"button blue small\" href=\"https:\/\/afterweb.com.br\/aw\/tipos-de-lideranca\/\">\n\t\t\t\t\t\t<span data-theme=\"one_page_express_latest_news_read_more\">Read more<\/span>\n\t\t\t\t\t<\/a>\n\t\t\t\t\t<hr class=\"blog-separator\">\n<div class=\"post-header\">\n    <i class=\"font-icon-post fa fa-user\"><\/i>\n    <a href=\"https:\/\/afterweb.com.br\/aw\/author\/ttrivelato\/\" title=\"Posts de ttrivelato\" rel=\"author\">ttrivelato<\/a>    <i class=\"font-icon-post fa fa-calendar\"><\/i>\n    <span class=\"span12\">24 de julho de 2023<\/span>\n\n    <i class=\"font-icon-post fa fa-comment-o\"><\/i>\n    <span>0<\/span>\n<\/div>\t\t\t\t<\/div>\n\t\t\t<\/div>\n\t\t<\/div>\n\t\t\t\t<div id=\"post-79\" class=\"blog-postcol cp4cols\">\n\t\t\t<div class=\"post-content\">\n\t\t\t\t\t\t\t\t<div class=\"row_345\">\n\t\t\t\t\t<h3 class=\"blog-title\">\n\t\t\t\t\t\t<a href=\"https:\/\/afterweb.com.br\/aw\/escuta-ativa\/\" rel=\"bookmark\">\n\t\t\t\t\t\t\tEscuta ativa\t\t\t\t\t\t<\/a>\n\t\t\t\t\t<\/h3>\n\t\t\t\t\t<p>O que \u00e9 escuta ativa? \u00c9 f\u00e1cil entender o que \u00e9 escuta ativa, veja a defini\u00e7\u00e3o: Podemos definir o que \u00e9 escuta ativa como uma maneira de tornar os di\u00e1logos[&hellip;]<\/p>\n\t\t\t\t\t<a class=\"button blue small\" href=\"https:\/\/afterweb.com.br\/aw\/escuta-ativa\/\">\n\t\t\t\t\t\t<span data-theme=\"one_page_express_latest_news_read_more\">Read more<\/span>\n\t\t\t\t\t<\/a>\n\t\t\t\t\t<hr class=\"blog-separator\">\n<div class=\"post-header\">\n    <i class=\"font-icon-post fa fa-user\"><\/i>\n    <a href=\"https:\/\/afterweb.com.br\/aw\/author\/ttrivelato\/\" title=\"Posts de ttrivelato\" rel=\"author\">ttrivelato<\/a>    <i class=\"font-icon-post fa fa-calendar\"><\/i>\n    <span class=\"span12\">24 de julho de 2023<\/span>\n\n    <i class=\"font-icon-post fa fa-comment-o\"><\/i>\n    <span>0<\/span>\n<\/div>\t\t\t\t<\/div>\n\t\t\t<\/div>\n\t\t<\/div>\n\t\t\t\t<div id=\"post-77\" class=\"blog-postcol cp4cols\">\n\t\t\t<div class=\"post-content\">\n\t\t\t\t\t\t\t\t<div class=\"row_345\">\n\t\t\t\t\t<h3 class=\"blog-title\">\n\t\t\t\t\t\t<a href=\"https:\/\/afterweb.com.br\/aw\/formula-magica-para-lidar-com-a-complexidade\/\" rel=\"bookmark\">\n\t\t\t\t\t\t\tF\u00f3rmula m\u00e1gica para lidar com a complexidade\t\t\t\t\t\t<\/a>\n\t\t\t\t\t<\/h3>\n\t\t\t\t\t<p>Sabemos que n\u00e3o existe uma formula m\u00e1gica&nbsp;para resolver problemas complexos e nem tenho a pretens\u00e3o para isso, porem abaixo trago algumas ideias a qual podem apoiar no entendimento e resolu\u00e7\u00e3o[&hellip;]<\/p>\n\t\t\t\t\t<a class=\"button blue small\" href=\"https:\/\/afterweb.com.br\/aw\/formula-magica-para-lidar-com-a-complexidade\/\">\n\t\t\t\t\t\t<span data-theme=\"one_page_express_latest_news_read_more\">Read more<\/span>\n\t\t\t\t\t<\/a>\n\t\t\t\t\t<hr class=\"blog-separator\">\n<div class=\"post-header\">\n    <i class=\"font-icon-post fa fa-user\"><\/i>\n    <a href=\"https:\/\/afterweb.com.br\/aw\/author\/ttrivelato\/\" title=\"Posts de ttrivelato\" rel=\"author\">ttrivelato<\/a>    <i class=\"font-icon-post fa fa-calendar\"><\/i>\n    <span class=\"span12\">24 de julho de 2023<\/span>\n\n    <i class=\"font-icon-post fa fa-comment-o\"><\/i>\n    <span>0<\/span>\n<\/div>\t\t\t\t<\/div>\n\t\t\t<\/div>\n\t\t<\/div>\n\t\t<\/div> <div  class=\"blog-textcol\"> <a  class=\"button blue\" data-attr-shortcode=\"href:one_page_express_blog_link\" href=\"https:\/\/afterweb.com.br\/aw\/blog\/\">Todo conte\u00fado do blog<\/a> <\/div> <\/div><\/div><div  id=\"contact-4\" data-label=\"Contact\" data-id=\"contact-section\" data-category=\"contact\" data-bg=\"transparent\" class=\"contact-section-formsection white-text\"> <div  class=\"gridContainer\"> <div  class=\"row_224\"> <div  class=\"contact-textrow\"> <div  class=\"contact-textcol dynamic-color\"> <h2  class=\"\">Diga Oi<\/h2> <p  class=\"white_text\">Mande uma mensagem para n\u00f3s =)<\/p> <\/div> <\/div> <\/div> <div  class=\"contact-formcol\" data-content-shortcode=\"one_page_express_contact_form shortcode=&quot;contact-form-7 id=&amp;amp;quot;9&amp;amp;quot; title=&amp;amp;quot;Contact form 1&amp;amp;quot;&quot;\" data-editable=\"true\">\n<div class=\"wpcf7 no-js\" id=\"wpcf7-f9-o1\" lang=\"pt-BR\" dir=\"ltr\">\n<div class=\"screen-reader-response\"><p role=\"status\" aria-live=\"polite\" aria-atomic=\"true\"><\/p> <ul><\/ul><\/div>\n<form action=\"\/aw\/wp-json\/wp\/v2\/pages\/7#wpcf7-f9-o1\" method=\"post\" class=\"wpcf7-form init\" aria-label=\"Formul\u00e1rios de contato\" novalidate=\"novalidate\" data-status=\"init\">\n<div style=\"display: none;\">\n<input type=\"hidden\" name=\"_wpcf7\" value=\"9\" \/>\n<input type=\"hidden\" name=\"_wpcf7_version\" value=\"5.7.7\" \/>\n<input type=\"hidden\" name=\"_wpcf7_locale\" value=\"pt_BR\" \/>\n<input type=\"hidden\" name=\"_wpcf7_unit_tag\" value=\"wpcf7-f9-o1\" \/>\n<input type=\"hidden\" name=\"_wpcf7_container_post\" value=\"0\" \/>\n<input type=\"hidden\" name=\"_wpcf7_posted_data_hash\" value=\"\" \/>\n<\/div>\n<p><label> Nome<br \/>\n<span class=\"wpcf7-form-control-wrap\" data-name=\"your-name\"><input size=\"40\" class=\"wpcf7-form-control wpcf7-text wpcf7-validates-as-required\" autocomplete=\"name\" aria-required=\"true\" aria-invalid=\"false\" value=\"\" type=\"text\" name=\"your-name\" \/><\/span> <\/label>\n<\/p>\n<p><label> Email<br \/>\n<span class=\"wpcf7-form-control-wrap\" data-name=\"your-email\"><input size=\"40\" class=\"wpcf7-form-control wpcf7-text wpcf7-email wpcf7-validates-as-required wpcf7-validates-as-email\" autocomplete=\"email\" aria-required=\"true\" aria-invalid=\"false\" value=\"\" type=\"email\" name=\"your-email\" \/><\/span> <\/label>\n<\/p>\n<p><label> Assunto<br \/>\n<span class=\"wpcf7-form-control-wrap\" data-name=\"your-subject\"><input size=\"40\" class=\"wpcf7-form-control wpcf7-text wpcf7-validates-as-required\" aria-required=\"true\" aria-invalid=\"false\" value=\"\" type=\"text\" name=\"your-subject\" \/><\/span> <\/label>\n<\/p>\n<p><label> Mensagem (optional)<br \/>\n<span class=\"wpcf7-form-control-wrap\" data-name=\"your-message\"><textarea cols=\"40\" rows=\"10\" class=\"wpcf7-form-control wpcf7-textarea\" aria-invalid=\"false\" name=\"your-message\"><\/textarea><\/span> <\/label>\n<\/p>\n<p><input class=\"wpcf7-form-control has-spinner wpcf7-submit\" type=\"submit\" value=\"Enviar\" \/>\n<\/p><p style=\"display: none !important;\"><label>&#916;<textarea name=\"_wpcf7_ak_hp_textarea\" cols=\"45\" rows=\"8\" maxlength=\"100\"><\/textarea><\/label><input type=\"hidden\" id=\"ak_js_1\" name=\"_wpcf7_ak_js\" value=\"218\"\/><script>document.getElementById( \"ak_js_1\" ).setAttribute( \"value\", ( new Date() ).getTime() );<\/script><\/p><div class=\"wpcf7-response-output\" aria-hidden=\"true\"><\/div>\n<\/form>\n<\/div>\n<\/div> <\/div><\/div>","protected":false},"excerpt":{"rendered":"<p>Marca Desenvolvimento de projetos anal\u00edticos e potencializadores garantindo percep\u00e7\u00e3o da marca de maneira consciente e inconsciente na mente do p\u00fablico-alvo. DESENVOLVA SUA MARCA F\u00e1brica de Software Uma fabrica de software \u00e1gil que apoiar\u00e1 no desenvolvimento de novos produtos e na migra\u00e7\u00e3o do seu legado para nuvem. Conte com nosso apoio para entrar na era digital.&hellip; <br \/> <a class=\"button small blue\" href=\"https:\/\/afterweb.com.br\/aw\/formula-magica-para-lidar-com-a-complexidade\/\">Leia mais<\/a><\/p>\n","protected":false},"author":1,"featured_media":0,"parent":0,"menu_order":0,"comment_status":"closed","ping_status":"closed","template":"","meta":{"om_disable_all_campaigns":false,"_monsterinsights_skip_tracking":false,"_monsterinsights_sitenote_active":false,"_monsterinsights_sitenote_note":"","_monsterinsights_sitenote_category":0,"footnotes":""},"class_list":["post-7","page","type-page","status-publish","hentry"],"aioseo_notices":[],"_links":{"self":[{"href":"https:\/\/afterweb.com.br\/aw\/wp-json\/wp\/v2\/pages\/7","targetHints":{"allow":["GET"]}}],"collection":[{"href":"https:\/\/afterweb.com.br\/aw\/wp-json\/wp\/v2\/pages"}],"about":[{"href":"https:\/\/afterweb.com.br\/aw\/wp-json\/wp\/v2\/types\/page"}],"author":[{"embeddable":true,"href":"https:\/\/afterweb.com.br\/aw\/wp-json\/wp\/v2\/users\/1"}],"replies":[{"embeddable":true,"href":"https:\/\/afterweb.com.br\/aw\/wp-json\/wp\/v2\/comments?post=7"}],"version-history":[{"count":35,"href":"https:\/\/afterweb.com.br\/aw\/wp-json\/wp\/v2\/pages\/7\/revisions"}],"predecessor-version":[{"id":153,"href":"https:\/\/afterweb.com.br\/aw\/wp-json\/wp\/v2\/pages\/7\/revisions\/153"}],"wp:attachment":[{"href":"https:\/\/afterweb.com.br\/aw\/wp-json\/wp\/v2\/media?parent=7"}],"curies":[{"name":"wp","href":"https:\/\/api.w.org\/{rel}","templated":true}]}}