{"id":91,"date":"2023-07-24T17:33:14","date_gmt":"2023-07-24T20:33:14","guid":{"rendered":"https:\/\/afterweb.com.br\/aw\/?page_id=91"},"modified":"2023-07-24T20:52:23","modified_gmt":"2023-07-24T23:52:23","slug":"midias-sociais","status":"publish","type":"page","link":"https:\/\/afterweb.com.br\/aw\/midias-sociais\/","title":{"rendered":"Gest\u00e3o de redes sociais como \u00e9strategia de marketing digital"},"content":{"rendered":"\n<p>Uma das empresas pioneiras na utiliza\u00e7\u00e3o desse importante canal de comunica\u00e7\u00e3o e relacionamento, a AfterWeb possui cases de sucesso para algumas das marcas mais cobi\u00e7adas e inovadoras do pa\u00eds.<br>Monitoramento de Redes Sociais<\/p>\n\n\n\n<p>Cada vez mais as empresas precisam conhecer a real percep\u00e7\u00e3o de seus clientes em todo tipo de rede social, como sites pessoais, comunidades, f\u00f3runs e blogs. Saber o que os clientes est\u00e3o falando, o que acham das campanhas, como participam das a\u00e7\u00f5es promocionais e o que buscam permite antecipar problemas e compreender, com precis\u00e3o, quando e onde intervir.<\/p>\n\n\n\n<p>N\u00e3o existe f\u00f3rmula definida, o que significa que ferramentas apenas n\u00e3o s\u00e3o suficiente. Para isso, combinamos ferramentas de \u00faltima gera\u00e7\u00e3o com as an\u00e1lises personalizadas produzidas pelos privilegiados c\u00e9rebros de nossos profissionais.<br>Setup (implementa\u00e7\u00e3o) de Redes Sociais<\/p>\n\n\n\n<p>Sua empresa j\u00e1 atua nas redes sociais? Sabe como fazer isso?<\/p>\n\n\n\n<figure class=\"wp-block-image size-large\"><img loading=\"lazy\" decoding=\"async\" width=\"1024\" height=\"125\" src=\"https:\/\/afterweb.com.br\/aw\/wp-content\/uploads\/2023\/07\/3-1024x125.png\" alt=\"\" class=\"wp-image-118\" srcset=\"https:\/\/afterweb.com.br\/aw\/wp-content\/uploads\/2023\/07\/3-1024x125.png 1024w, https:\/\/afterweb.com.br\/aw\/wp-content\/uploads\/2023\/07\/3-300x37.png 300w, https:\/\/afterweb.com.br\/aw\/wp-content\/uploads\/2023\/07\/3-768x94.png 768w, https:\/\/afterweb.com.br\/aw\/wp-content\/uploads\/2023\/07\/3-1536x187.png 1536w, https:\/\/afterweb.com.br\/aw\/wp-content\/uploads\/2023\/07\/3.png 1797w\" sizes=\"auto, (max-width: 1024px) 100vw, 1024px\" \/><\/figure>\n\n\n\n<p>Criou e administra os endere\u00e7os mais adequados para as marcas e produtos? Posta assuntos de interesse, na freq\u00fc\u00eancia adequada ao target? Consegue produzir conte\u00fado relevante? Monitora os resultados?<\/p>\n\n\n\n<p>As Redes Sociais s\u00e3o Uma \u00d3tima Maneira de Atrair e Fidelizar Clientes! Seja Visto!<br><br>N\u00e3o d\u00e1 para n\u00e3o estar nas Redes Sociais. Presentes no cotidiano de todos, elas s\u00e3o uma excelente ferramenta para atrair, converter e fidelizar um cliente.<\/p>\n\n\n\n<p>Mas o gerenciamento das Redes Socias de sua empresa n\u00e3o pode ser feito por qualquer um. \u00c9 preciso algu\u00e9m que entenda de suas funcionalidades e como tirar o melhor proveito delas. Uma Ag\u00eancia de Marketing Digital!<\/p>\n\n\n\n<p>Ent\u00e3o, deixe que nossa equipe cuide delas para voc\u00ea. N\u00f3s criamos um plano de a\u00e7\u00e3o, tra\u00e7amos metas, desenvolvemos o conte\u00fado com nossas redatoras e jornalista, artes personalizadas com nossa equipe de designers, gerenciamos seus an\u00fancios, interagimos com o p\u00fablico atrav\u00e9s de um SAC 2.0, e ainda monitoramos cada a\u00e7\u00e3o, enviando relat\u00f3rios detalhados para voc\u00ea.<\/p>\n\n\n\n<p>Inspire-se e aumente a visibilidade da sua empresa, tenha mais notoriedade e gere mais autoridade atrav\u00e9s da rede social mais apropriada para seu neg\u00f3cio. Atuamos com Facebook, Instagram, Twitter, Google Plus e Linkedin.<\/p>\n\n\n\n<p><\/p>\n\n\n\n<p><strong>GOSTOU? CLIQUE NA IMAGEM ABAIXO:<\/strong><\/p>\n\n\n\n<figure class=\"wp-block-image size-full\"><a href=\"https:\/\/api.whatsapp.com\/send\/?phone=5511972228440&amp;text=Tenho+interesse+em+seus+servi%C3%A7os&amp;type=phone_number&amp;app_absent=0\"><img loading=\"lazy\" decoding=\"async\" width=\"466\" height=\"108\" src=\"https:\/\/afterweb.com.br\/aw\/wp-content\/uploads\/2023\/07\/download.png\" alt=\"\" class=\"wp-image-110\" srcset=\"https:\/\/afterweb.com.br\/aw\/wp-content\/uploads\/2023\/07\/download.png 466w, https:\/\/afterweb.com.br\/aw\/wp-content\/uploads\/2023\/07\/download-300x70.png 300w\" sizes=\"auto, (max-width: 466px) 100vw, 466px\" \/><\/a><\/figure>\n","protected":false},"excerpt":{"rendered":"<p>Uma das empresas pioneiras na utiliza\u00e7\u00e3o desse importante canal de comunica\u00e7\u00e3o e relacionamento, a AfterWeb possui cases de sucesso para algumas das marcas mais cobi\u00e7adas e inovadoras do pa\u00eds.Monitoramento de Redes Sociais Cada vez mais as empresas precisam conhecer a real percep\u00e7\u00e3o de seus clientes em todo tipo de rede social, como sites pessoais, comunidades,&hellip; <br \/> <a class=\"button small blue\" href=\"https:\/\/afterweb.com.br\/aw\/midias-sociais\/\">Leia mais<\/a><\/p>\n","protected":false},"author":1,"featured_media":0,"parent":0,"menu_order":0,"comment_status":"closed","ping_status":"closed","template":"","meta":{"om_disable_all_campaigns":false,"_monsterinsights_skip_tracking":false,"_monsterinsights_sitenote_active":false,"_monsterinsights_sitenote_note":"","_monsterinsights_sitenote_category":0,"footnotes":""},"class_list":["post-91","page","type-page","status-publish","hentry"],"aioseo_notices":[],"_links":{"self":[{"href":"https:\/\/afterweb.com.br\/aw\/wp-json\/wp\/v2\/pages\/91","targetHints":{"allow":["GET"]}}],"collection":[{"href":"https:\/\/afterweb.com.br\/aw\/wp-json\/wp\/v2\/pages"}],"about":[{"href":"https:\/\/afterweb.com.br\/aw\/wp-json\/wp\/v2\/types\/page"}],"author":[{"embeddable":true,"href":"https:\/\/afterweb.com.br\/aw\/wp-json\/wp\/v2\/users\/1"}],"replies":[{"embeddable":true,"href":"https:\/\/afterweb.com.br\/aw\/wp-json\/wp\/v2\/comments?post=91"}],"version-history":[{"count":5,"href":"https:\/\/afterweb.com.br\/aw\/wp-json\/wp\/v2\/pages\/91\/revisions"}],"predecessor-version":[{"id":120,"href":"https:\/\/afterweb.com.br\/aw\/wp-json\/wp\/v2\/pages\/91\/revisions\/120"}],"wp:attachment":[{"href":"https:\/\/afterweb.com.br\/aw\/wp-json\/wp\/v2\/media?parent=91"}],"curies":[{"name":"wp","href":"https:\/\/api.w.org\/{rel}","templated":true}]}}