{"id":94,"date":"2023-07-24T17:36:17","date_gmt":"2023-07-24T20:36:17","guid":{"rendered":"https:\/\/afterweb.com.br\/aw\/?page_id=94"},"modified":"2023-07-24T20:42:01","modified_gmt":"2023-07-24T23:42:01","slug":"gestao-de-projetos","status":"publish","type":"page","link":"https:\/\/afterweb.com.br\/aw\/gestao-de-projetos\/","title":{"rendered":"Organiza\u00e7\u00f5es \u00c1geis e Processos Lean"},"content":{"rendered":"\n<p>A AfterWeb orienta todos os seus servi\u00e7os e produtos no sentido da cria\u00e7\u00e3o no seio da organiza\u00e7\u00e3o de projetos \u00e1geis. Estas unidades t\u00eam como miss\u00e3o promover e evoluir a compet\u00eancia organizacional na pr\u00e1tica \u00e1gil de gest\u00e3o.<\/p>\n\n\n\n<p>Os nossos colaboradores possuem as principais certifica\u00e7\u00f5es \u00e1geis e tem bagagem nas melhores pr\u00e1ticas de mercado, segundo o corpo de conhecimento promovido pelo CSM, CSPO, KMP e etc..<\/p>\n\n\n\n<p>Transforme a sua organiza\u00e7\u00e3o por meio de metodologias e processos \u00e1geis, adequados ao novo mundo vol\u00e1til, incerto, complexo e amb\u00edguo (VUCA). Defina novos padr\u00f5es de produtividade e colabora\u00e7\u00e3o para suas equipes reduzindo burocracias, aumentando o engajamento e promovendo a filosofia Lean de trabalho para qualquer setor ou ind\u00fastria.<\/p>\n\n\n\n<figure class=\"wp-block-image size-large\"><img loading=\"lazy\" decoding=\"async\" width=\"1024\" height=\"343\" src=\"https:\/\/afterweb.com.br\/aw\/wp-content\/uploads\/2023\/07\/1-1024x343.png\" alt=\"\" class=\"wp-image-101\" srcset=\"https:\/\/afterweb.com.br\/aw\/wp-content\/uploads\/2023\/07\/1-1024x343.png 1024w, https:\/\/afterweb.com.br\/aw\/wp-content\/uploads\/2023\/07\/1-300x101.png 300w, https:\/\/afterweb.com.br\/aw\/wp-content\/uploads\/2023\/07\/1-768x257.png 768w, https:\/\/afterweb.com.br\/aw\/wp-content\/uploads\/2023\/07\/1-1536x515.png 1536w, https:\/\/afterweb.com.br\/aw\/wp-content\/uploads\/2023\/07\/1.png 1561w\" sizes=\"auto, (max-width: 1024px) 100vw, 1024px\" \/><\/figure>\n\n\n\n<figure class=\"wp-block-image size-large\"><img loading=\"lazy\" decoding=\"async\" width=\"1024\" height=\"365\" src=\"https:\/\/afterweb.com.br\/aw\/wp-content\/uploads\/2023\/07\/2-1024x365.png\" alt=\"\" class=\"wp-image-102\" srcset=\"https:\/\/afterweb.com.br\/aw\/wp-content\/uploads\/2023\/07\/2-1024x365.png 1024w, https:\/\/afterweb.com.br\/aw\/wp-content\/uploads\/2023\/07\/2-300x107.png 300w, https:\/\/afterweb.com.br\/aw\/wp-content\/uploads\/2023\/07\/2-768x274.png 768w, https:\/\/afterweb.com.br\/aw\/wp-content\/uploads\/2023\/07\/2-1536x548.png 1536w, https:\/\/afterweb.com.br\/aw\/wp-content\/uploads\/2023\/07\/2.png 1557w\" sizes=\"auto, (max-width: 1024px) 100vw, 1024px\" \/><\/figure>\n\n\n\n<p><\/p>\n\n\n\n<p><\/p>\n\n\n\n<p>Desenvolvemos e Implantamos a Metodologia de Gest\u00e3o \u00c1gil de Projetos de sua empresa fazendo uso de diferentes M\u00e9todos reconhecidos no mercado como OKR (Objective &amp; Key Results), Design Thinking \/ Design Sprint, Canvas, Scrum, Kanban, dentre outros. Utilizamos diversas Ferramentas para a Sistematiza\u00e7\u00e3o dos Processos de Gest\u00e3o de Projetos visando assim melhores possibilidades de gest\u00e3o, acompanhamento das atividades e performance das equipes.\u00a0<\/p>\n\n\n\n<p>\u200bPossu\u00edmos um pacote completo de solu\u00e7\u00f5es para o desenvolvimento, forma\u00e7\u00e3o e treinamento de equipes de Gest\u00e3o de Projetos. O objetivo \u00e9 prover maior competitividade e probabilidade de sucesso de seus neg\u00f3cios e projetos no mercado.<\/p>\n\n\n\n<h1 class=\"wp-block-heading has-medium-font-size\">Principais \u00e1reas de atua\u00e7\u00e3o de nossos servi\u00e7os:<\/h1>\n\n\n\n<ul class=\"wp-block-list\">\n<li class=\"has-small-font-size\">Empresas de Tecnologia<\/li>\n\n\n\n<li class=\"has-small-font-size\">Ind\u00fastrias, Montadoras e&nbsp;Sistemistas<\/li>\n\n\n\n<li class=\"has-small-font-size\">Institui\u00e7\u00f5es Financeiras<\/li>\n\n\n\n<li class=\"has-small-font-size\">Seguradoras e Corretoras<\/li>\n\n\n\n<li class=\"has-small-font-size\">Prestadores de Servi\u00e7os<\/li>\n\n\n\n<li class=\"has-small-font-size\">Varejo e Concession\u00e1rias de Ve\u00edculos<\/li>\n<\/ul>\n\n\n\n<figure class=\"wp-block-image size-full\"><img loading=\"lazy\" decoding=\"async\" width=\"638\" height=\"479\" src=\"https:\/\/afterweb.com.br\/aw\/wp-content\/uploads\/2023\/07\/3.jpeg\" alt=\"\" class=\"wp-image-103\" srcset=\"https:\/\/afterweb.com.br\/aw\/wp-content\/uploads\/2023\/07\/3.jpeg 638w, https:\/\/afterweb.com.br\/aw\/wp-content\/uploads\/2023\/07\/3-300x225.jpeg 300w\" sizes=\"auto, (max-width: 638px) 100vw, 638px\" \/><\/figure>\n\n\n\n<p><\/p>\n\n\n\n<h1 class=\"wp-block-heading has-small-font-size\">Diagn\u00f3stico<br>Efetuamos o\u00a0diagn\u00f3stico completo sobre a estrutura atual da empresa e sugerimos adapta\u00e7\u00f5es.<\/h1>\n\n\n\n<h1 class=\"wp-block-heading has-small-font-size\">Implanta\u00e7\u00e3o\u00a0<br><strong>Efetuamos a implanta\u00e7\u00e3o ou melhorias quanto aos processos de Gest\u00e3o de Projetos.<\/strong><\/h1>\n\n\n\n<h1 class=\"wp-block-heading has-small-font-size\">Procedimentos<strong>\u200b<\/strong><br><strong>Elaboramos todos os procedimentos envolvidos no processo de gest\u00e3o de projetos.<\/strong><\/h1>\n\n\n\n<h1 class=\"wp-block-heading has-small-font-size\">Acompanhamento<br><strong>Ap\u00f3s processo de implanta\u00e7\u00e3o, acompanhamos o desenvolvimento das atividades.\u00a0<\/strong><\/h1>\n\n\n\n<h1 class=\"wp-block-heading has-small-font-size\">Treinamentos<strong>\u200b<\/strong><br><strong>Capacitamos a equipe quanto as melhores pr\u00e1ticas da Gest\u00e3o \u00c1gil de Projeto.<\/strong><\/h1>\n\n\n\n<h1 class=\"wp-block-heading has-small-font-size\">Mentoring\u00a0<br><strong>Provemos Mentoring e atividades consultivas para manter o n\u00edvel de engajamento da equipe.\u00a0<\/strong><\/h1>\n\n\n\n<p><strong>GOSTOU? CLIQUE NA IMAGEM ABAIXO:<\/strong><\/p>\n\n\n\n<figure class=\"wp-block-image size-full\"><a href=\"https:\/\/wa.me\/\/5511972228440?text=Tenho%20interesse%20em%20seus%20servi%C3%A7os\"><img loading=\"lazy\" decoding=\"async\" width=\"466\" height=\"108\" src=\"https:\/\/afterweb.com.br\/aw\/wp-content\/uploads\/2023\/07\/download.png\" alt=\"\" class=\"wp-image-110\" srcset=\"https:\/\/afterweb.com.br\/aw\/wp-content\/uploads\/2023\/07\/download.png 466w, https:\/\/afterweb.com.br\/aw\/wp-content\/uploads\/2023\/07\/download-300x70.png 300w\" sizes=\"auto, (max-width: 466px) 100vw, 466px\" \/><\/a><\/figure>\n","protected":false},"excerpt":{"rendered":"<p>A AfterWeb orienta todos os seus servi\u00e7os e produtos no sentido da cria\u00e7\u00e3o no seio da organiza\u00e7\u00e3o de projetos \u00e1geis. Estas unidades t\u00eam como miss\u00e3o promover e evoluir a compet\u00eancia organizacional na pr\u00e1tica \u00e1gil de gest\u00e3o. Os nossos colaboradores possuem as principais certifica\u00e7\u00f5es \u00e1geis e tem bagagem nas melhores pr\u00e1ticas de mercado, segundo o corpo&hellip; <br \/> <a class=\"button small blue\" href=\"https:\/\/afterweb.com.br\/aw\/gestao-de-projetos\/\">Leia mais<\/a><\/p>\n","protected":false},"author":1,"featured_media":0,"parent":0,"menu_order":0,"comment_status":"closed","ping_status":"closed","template":"","meta":{"om_disable_all_campaigns":false,"_monsterinsights_skip_tracking":false,"_monsterinsights_sitenote_active":false,"_monsterinsights_sitenote_note":"","_monsterinsights_sitenote_category":0,"footnotes":""},"class_list":["post-94","page","type-page","status-publish","hentry"],"aioseo_notices":[],"_links":{"self":[{"href":"https:\/\/afterweb.com.br\/aw\/wp-json\/wp\/v2\/pages\/94","targetHints":{"allow":["GET"]}}],"collection":[{"href":"https:\/\/afterweb.com.br\/aw\/wp-json\/wp\/v2\/pages"}],"about":[{"href":"https:\/\/afterweb.com.br\/aw\/wp-json\/wp\/v2\/types\/page"}],"author":[{"embeddable":true,"href":"https:\/\/afterweb.com.br\/aw\/wp-json\/wp\/v2\/users\/1"}],"replies":[{"embeddable":true,"href":"https:\/\/afterweb.com.br\/aw\/wp-json\/wp\/v2\/comments?post=94"}],"version-history":[{"count":9,"href":"https:\/\/afterweb.com.br\/aw\/wp-json\/wp\/v2\/pages\/94\/revisions"}],"predecessor-version":[{"id":112,"href":"https:\/\/afterweb.com.br\/aw\/wp-json\/wp\/v2\/pages\/94\/revisions\/112"}],"wp:attachment":[{"href":"https:\/\/afterweb.com.br\/aw\/wp-json\/wp\/v2\/media?parent=94"}],"curies":[{"name":"wp","href":"https:\/\/api.w.org\/{rel}","templated":true}]}}