{"id":96,"date":"2023-07-24T17:38:27","date_gmt":"2023-07-24T20:38:27","guid":{"rendered":"https:\/\/afterweb.com.br\/aw\/?page_id=96"},"modified":"2023-07-24T21:34:39","modified_gmt":"2023-07-25T00:34:39","slug":"desenvolvimento-da-marca","status":"publish","type":"page","link":"https:\/\/afterweb.com.br\/aw\/desenvolvimento-da-marca\/","title":{"rendered":"Desenvolvimento da Marca"},"content":{"rendered":"\n<p>O que faremos pela sua marca:<\/p>\n\n\n\n<div class=\"wp-block-columns is-layout-flex wp-container-core-columns-is-layout-9d6595d7 wp-block-columns-is-layout-flex\">\n<div class=\"wp-block-column is-layout-flow wp-block-column-is-layout-flow\" style=\"flex-basis:100%\">\n<figure class=\"wp-block-gallery has-nested-images columns-default is-cropped wp-block-gallery-1 is-layout-flex wp-block-gallery-is-layout-flex\">\n<figure class=\"wp-block-image size-full\"><img loading=\"lazy\" decoding=\"async\" width=\"509\" height=\"470\" data-id=\"130\" src=\"https:\/\/afterweb.com.br\/aw\/wp-content\/uploads\/2023\/07\/1-1.png\" alt=\"\" class=\"wp-image-130\" srcset=\"https:\/\/afterweb.com.br\/aw\/wp-content\/uploads\/2023\/07\/1-1.png 509w, https:\/\/afterweb.com.br\/aw\/wp-content\/uploads\/2023\/07\/1-1-300x277.png 300w\" sizes=\"auto, (max-width: 509px) 100vw, 509px\" \/><\/figure>\n<\/figure>\n<\/div>\n<\/div>\n\n\n\n<figure class=\"wp-block-gallery has-nested-images columns-default is-cropped wp-block-gallery-2 is-layout-flex wp-block-gallery-is-layout-flex\">\n<figure class=\"wp-block-image size-full\"><img loading=\"lazy\" decoding=\"async\" width=\"509\" height=\"467\" data-id=\"131\" src=\"https:\/\/afterweb.com.br\/aw\/wp-content\/uploads\/2023\/07\/2-1.png\" alt=\"\" class=\"wp-image-131\" srcset=\"https:\/\/afterweb.com.br\/aw\/wp-content\/uploads\/2023\/07\/2-1.png 509w, https:\/\/afterweb.com.br\/aw\/wp-content\/uploads\/2023\/07\/2-1-300x275.png 300w\" sizes=\"auto, (max-width: 509px) 100vw, 509px\" \/><\/figure>\n<\/figure>\n\n\n\n<figure class=\"wp-block-gallery has-nested-images columns-default is-cropped wp-block-gallery-3 is-layout-flex wp-block-gallery-is-layout-flex\">\n<figure class=\"wp-block-image size-full\"><img loading=\"lazy\" decoding=\"async\" width=\"504\" height=\"483\" data-id=\"132\" src=\"https:\/\/afterweb.com.br\/aw\/wp-content\/uploads\/2023\/07\/3-1.png\" alt=\"\" class=\"wp-image-132\" srcset=\"https:\/\/afterweb.com.br\/aw\/wp-content\/uploads\/2023\/07\/3-1.png 504w, https:\/\/afterweb.com.br\/aw\/wp-content\/uploads\/2023\/07\/3-1-300x288.png 300w\" sizes=\"auto, (max-width: 504px) 100vw, 504px\" \/><\/figure>\n<\/figure>\n\n\n\n<p><strong>Voc\u00ea quer uma marca reconhecida e que traga resultados?<\/strong><\/p>\n\n\n\n<p>Criamos estrat\u00e9gias inovadoras que d\u00e3o alma ao seu neg\u00f3cio.<\/p>\n\n\n\n<p><\/p>\n\n\n\n<p><strong>Quer destravar conquistas no mundo digital?<\/strong><\/p>\n\n\n\n<p>Criamos estrat\u00e9gias de marca que v\u00e3o muito al\u00e9m do logo\/design.<\/p>\n\n\n\n<p><\/p>\n\n\n\n<p><strong>Que seja diferente das outras e com capacidade transformar pessoas?<\/strong><\/p>\n\n\n\n<p>Reposicionamos seu neg\u00f3cio gerando uma proposta de venda \u00fanica no mercado.<\/p>\n\n\n\n<p><\/p>\n\n\n\n<p><strong>J\u00e1 gastou muito com publicidade e n\u00e3o obteve resultados?<\/strong><\/p>\n\n\n\n<p>Analisamos o seu momento, estudamos o seu cen\u00e1rio e desenvolvemos o posicionamento da sua marca com proposta de valor e prop\u00f3sito.<\/p>\n\n\n\n<p><\/p>\n\n\n\n<p><strong>GOSTOU? CLIQUE NA IMAGEM ABAIXO:<\/strong><\/p>\n\n\n\n<figure class=\"wp-block-image size-full\"><a href=\"https:\/\/api.whatsapp.com\/send\/?phone=5511972228440&amp;text=Tenho+interesse+em+seus+servi%C3%A7os&amp;type=phone_number&amp;app_absent=0\"><img loading=\"lazy\" decoding=\"async\" width=\"466\" height=\"108\" src=\"https:\/\/afterweb.com.br\/aw\/wp-content\/uploads\/2023\/07\/download-1.png\" alt=\"\" class=\"wp-image-122\" srcset=\"https:\/\/afterweb.com.br\/aw\/wp-content\/uploads\/2023\/07\/download-1.png 466w, https:\/\/afterweb.com.br\/aw\/wp-content\/uploads\/2023\/07\/download-1-300x70.png 300w\" sizes=\"auto, (max-width: 466px) 100vw, 466px\" \/><\/a><\/figure>\n","protected":false},"excerpt":{"rendered":"<p>O que faremos pela sua marca: Voc\u00ea quer uma marca reconhecida e que traga resultados? Criamos estrat\u00e9gias inovadoras que d\u00e3o alma ao seu neg\u00f3cio. Quer destravar conquistas no mundo digital? Criamos estrat\u00e9gias de marca que v\u00e3o muito al\u00e9m do logo\/design. Que seja diferente das outras e com capacidade transformar pessoas? Reposicionamos seu neg\u00f3cio gerando uma&hellip; <br \/> <a class=\"button small blue\" href=\"https:\/\/afterweb.com.br\/aw\/desenvolvimento-da-marca\/\">Leia mais<\/a><\/p>\n","protected":false},"author":1,"featured_media":0,"parent":0,"menu_order":0,"comment_status":"closed","ping_status":"closed","template":"","meta":{"om_disable_all_campaigns":false,"_monsterinsights_skip_tracking":false,"_monsterinsights_sitenote_active":false,"_monsterinsights_sitenote_note":"","_monsterinsights_sitenote_category":0,"footnotes":""},"class_list":["post-96","page","type-page","status-publish","hentry"],"aioseo_notices":[],"_links":{"self":[{"href":"https:\/\/afterweb.com.br\/aw\/wp-json\/wp\/v2\/pages\/96","targetHints":{"allow":["GET"]}}],"collection":[{"href":"https:\/\/afterweb.com.br\/aw\/wp-json\/wp\/v2\/pages"}],"about":[{"href":"https:\/\/afterweb.com.br\/aw\/wp-json\/wp\/v2\/types\/page"}],"author":[{"embeddable":true,"href":"https:\/\/afterweb.com.br\/aw\/wp-json\/wp\/v2\/users\/1"}],"replies":[{"embeddable":true,"href":"https:\/\/afterweb.com.br\/aw\/wp-json\/wp\/v2\/comments?post=96"}],"version-history":[{"count":4,"href":"https:\/\/afterweb.com.br\/aw\/wp-json\/wp\/v2\/pages\/96\/revisions"}],"predecessor-version":[{"id":155,"href":"https:\/\/afterweb.com.br\/aw\/wp-json\/wp\/v2\/pages\/96\/revisions\/155"}],"wp:attachment":[{"href":"https:\/\/afterweb.com.br\/aw\/wp-json\/wp\/v2\/media?parent=96"}],"curies":[{"name":"wp","href":"https:\/\/api.w.org\/{rel}","templated":true}]}}